{"id":3094,"date":"2022-06-07T21:32:55","date_gmt":"2022-06-08T04:32:55","guid":{"rendered":"https:\/\/certification.pegasussolar.com\/certificacion-de-instalador-de-pegasus\/"},"modified":"2026-03-14T13:48:22","modified_gmt":"2026-03-14T20:48:22","slug":"certificacion-de-instalador-de-pegasus","status":"publish","type":"page","link":"https:\/\/certification.pegasussolar.com\/es\/","title":{"rendered":"Certificaci\u00f3n de Instalador de Pegasus."},"content":{"rendered":"\n<h2 class=\"wp-block-heading\">Mejora tus habilidades.<\/h2>\n\n<p>El programa de Instalador Certificado de Pegasus ofrece entrenamiento gratuito en v\u00eddeo para todo el proceso de instalaci\u00f3n. Tanto si eres un instalador novato como un profesional experimentado, aprende todo lo que necesitas saber para instalar los productos de Pegasus, junto con consejos \u00fatiles y trucos para ahorrar tiempo. Una vez certificado, puedes ganar grandes recompensas con cada instalaci\u00f3n.<\/p>\n\n<p>Lleva tus habilidades al siguiente nivel. Aprende t\u00e9cnicas eficaces para cada paso:<\/p>\n\n<ul class=\"wp-block-list\">\n<li>Planificaci\u00f3n. <\/li>\n\n\n\n<li>Colocaci\u00f3n de paneles. <\/li>\n\n\n\n<li>Montaje en tejados con tejas de asfalto (comp shingle) y tejas de baldosa o teja espa\u00f1ola (tile roofs). <\/li>\n\n\n\n<li>Instalaci\u00f3n y nivelaci\u00f3n de rieles.<\/li>\n\n\n\n<li>Instalaci\u00f3n de alambres y cables.<\/li>\n\n\n\n<li>Ajuste de paneles.<\/li>\n\n\n\n<li>Conexi\u00f3n (bonding) y puesta a tierra (grounding). <\/li>\n<\/ul>\n\n<h2 class=\"wp-block-heading\">Gana cr\u00e9ditos y recompensas.<\/h2>\n\n<p>La Certificaci\u00f3n de Instalador de Pegasus da derecho a cr\u00e9ditos de capacitaci\u00f3n continua. Puedes obtener cr\u00e9ditos NABCEP a medida que desarrollas tus habilidades. Adem\u00e1s, a medida que completes las secciones del programa, ganaras premios de la tienda <a href=\"https:\/\/www.companystore4.com\/pegasus-certification\/\" target=\"_blank\" rel=\"noreferrer noopener nofollow\">Pegasus Store<\/a>. <\/p>\n","protected":false},"excerpt":{"rendered":"<p>Mejora tus habilidades. El programa de Instalador Certificado de Pegasus ofrece entrenamiento gratuito en v\u00eddeo para todo el proceso de instalaci\u00f3n. Tanto si eres un instalador novato como un profesional experimentado, aprende todo lo que necesitas saber para instalar los productos de Pegasus, junto con consejos \u00fatiles y trucos para ahorrar tiempo. Una vez certificado, [&hellip;]<\/p>\n","protected":false},"author":56,"featured_media":3096,"parent":0,"menu_order":0,"comment_status":"closed","ping_status":"closed","template":"templates\/page-home.php","meta":{"_acf_changed":false,"footnotes":""},"class_list":["post-3094","page","type-page","status-publish","has-post-thumbnail","hentry"],"acf":[],"yoast_head":"<!-- This site is optimized with the Yoast SEO plugin v27.4 - https:\/\/yoast.com\/product\/yoast-seo-wordpress\/ -->\n<title>Entrenamiento de Pegasus Solar<\/title>\n<meta name=\"robots\" content=\"noindex, follow, max-snippet:-1, max-image-preview:large, max-video-preview:-1\" \/>\n<meta property=\"og:locale\" content=\"es_ES\" \/>\n<meta property=\"og:type\" content=\"article\" \/>\n<meta property=\"og:title\" content=\"Entrenamiento de Pegasus Solar\" \/>\n<meta property=\"og:description\" content=\"Mejora tus habilidades. El programa de Instalador Certificado de Pegasus ofrece entrenamiento gratuito en v\u00eddeo para todo el proceso de instalaci\u00f3n. Tanto si eres un instalador novato como un profesional experimentado, aprende todo lo que necesitas saber para instalar los productos de Pegasus, junto con consejos \u00fatiles y trucos para ahorrar tiempo. Una vez certificado, [&hellip;]\" \/>\n<meta property=\"og:url\" content=\"https:\/\/certification.pegasussolar.com\/es\/\" \/>\n<meta property=\"og:site_name\" content=\"Tienda Pegasus\" \/>\n<meta property=\"article:modified_time\" content=\"2026-03-14T20:48:22+00:00\" \/>\n<meta property=\"og:image\" content=\"https:\/\/certification.pegasussolar.com\/wp-content\/uploads\/2025\/12\/image-5-1.png\" \/>\n\t<meta property=\"og:image:width\" content=\"1920\" \/>\n\t<meta property=\"og:image:height\" content=\"790\" \/>\n\t<meta property=\"og:image:type\" content=\"image\/png\" \/>\n<meta name=\"twitter:card\" content=\"summary_large_image\" \/>\n<meta name=\"twitter:label1\" content=\"Tiempo de lectura\" \/>\n\t<meta name=\"twitter:data1\" content=\"1 minuto\" \/>\n<script type=\"application\/ld+json\" class=\"yoast-schema-graph\">{\"@context\":\"https:\\\/\\\/schema.org\",\"@graph\":[{\"@type\":\"WebPage\",\"@id\":\"https:\\\/\\\/certification.pegasussolar.com\\\/es\\\/\",\"url\":\"https:\\\/\\\/certification.pegasussolar.com\\\/es\\\/\",\"name\":\"Entrenamiento de Pegasus Solar\",\"isPartOf\":{\"@id\":\"https:\\\/\\\/certification.pegasussolar.com\\\/es\\\/#website\"},\"primaryImageOfPage\":{\"@id\":\"https:\\\/\\\/certification.pegasussolar.com\\\/es\\\/#primaryimage\"},\"image\":{\"@id\":\"https:\\\/\\\/certification.pegasussolar.com\\\/es\\\/#primaryimage\"},\"thumbnailUrl\":\"https:\\\/\\\/certification.pegasussolar.com\\\/wp-content\\\/uploads\\\/2025\\\/12\\\/image-5-1.png\",\"datePublished\":\"2022-06-08T04:32:55+00:00\",\"dateModified\":\"2026-03-14T20:48:22+00:00\",\"breadcrumb\":{\"@id\":\"https:\\\/\\\/certification.pegasussolar.com\\\/es\\\/#breadcrumb\"},\"inLanguage\":\"es\",\"potentialAction\":[{\"@type\":\"ReadAction\",\"target\":[\"https:\\\/\\\/certification.pegasussolar.com\\\/es\\\/\"]}]},{\"@type\":\"ImageObject\",\"inLanguage\":\"es\",\"@id\":\"https:\\\/\\\/certification.pegasussolar.com\\\/es\\\/#primaryimage\",\"url\":\"https:\\\/\\\/certification.pegasussolar.com\\\/wp-content\\\/uploads\\\/2025\\\/12\\\/image-5-1.png\",\"contentUrl\":\"https:\\\/\\\/certification.pegasussolar.com\\\/wp-content\\\/uploads\\\/2025\\\/12\\\/image-5-1.png\",\"width\":1920,\"height\":790},{\"@type\":\"BreadcrumbList\",\"@id\":\"https:\\\/\\\/certification.pegasussolar.com\\\/es\\\/#breadcrumb\",\"itemListElement\":[{\"@type\":\"ListItem\",\"position\":1,\"name\":\"Inicio\",\"item\":\"https:\\\/\\\/certification.pegasussolar.com\\\/es\\\/\"},{\"@type\":\"ListItem\",\"position\":2,\"name\":\"Certificaci\u00f3n de Instalador de Pegasus.\"}]},{\"@type\":\"WebSite\",\"@id\":\"https:\\\/\\\/certification.pegasussolar.com\\\/es\\\/#website\",\"url\":\"https:\\\/\\\/certification.pegasussolar.com\\\/es\\\/\",\"name\":\"Tienda Pegasus\",\"description\":\"\",\"potentialAction\":[{\"@type\":\"SearchAction\",\"target\":{\"@type\":\"EntryPoint\",\"urlTemplate\":\"https:\\\/\\\/certification.pegasussolar.com\\\/es\\\/?s={search_term_string}\"},\"query-input\":{\"@type\":\"PropertyValueSpecification\",\"valueRequired\":true,\"valueName\":\"search_term_string\"}}],\"inLanguage\":\"es\"}]}<\/script>\n<!-- \/ Yoast SEO plugin. -->","yoast_head_json":{"title":"Entrenamiento de Pegasus Solar","robots":{"index":"noindex","follow":"follow","max-snippet":"max-snippet:-1","max-image-preview":"max-image-preview:large","max-video-preview":"max-video-preview:-1"},"og_locale":"es_ES","og_type":"article","og_title":"Entrenamiento de Pegasus Solar","og_description":"Mejora tus habilidades. El programa de Instalador Certificado de Pegasus ofrece entrenamiento gratuito en v\u00eddeo para todo el proceso de instalaci\u00f3n. Tanto si eres un instalador novato como un profesional experimentado, aprende todo lo que necesitas saber para instalar los productos de Pegasus, junto con consejos \u00fatiles y trucos para ahorrar tiempo. Una vez certificado, [&hellip;]","og_url":"https:\/\/certification.pegasussolar.com\/es\/","og_site_name":"Tienda Pegasus","article_modified_time":"2026-03-14T20:48:22+00:00","og_image":[{"width":1920,"height":790,"url":"https:\/\/certification.pegasussolar.com\/wp-content\/uploads\/2025\/12\/image-5-1.png","type":"image\/png"}],"twitter_card":"summary_large_image","twitter_misc":{"Tiempo de lectura":"1 minuto"},"schema":{"@context":"https:\/\/schema.org","@graph":[{"@type":"WebPage","@id":"https:\/\/certification.pegasussolar.com\/es\/","url":"https:\/\/certification.pegasussolar.com\/es\/","name":"Entrenamiento de Pegasus Solar","isPartOf":{"@id":"https:\/\/certification.pegasussolar.com\/es\/#website"},"primaryImageOfPage":{"@id":"https:\/\/certification.pegasussolar.com\/es\/#primaryimage"},"image":{"@id":"https:\/\/certification.pegasussolar.com\/es\/#primaryimage"},"thumbnailUrl":"https:\/\/certification.pegasussolar.com\/wp-content\/uploads\/2025\/12\/image-5-1.png","datePublished":"2022-06-08T04:32:55+00:00","dateModified":"2026-03-14T20:48:22+00:00","breadcrumb":{"@id":"https:\/\/certification.pegasussolar.com\/es\/#breadcrumb"},"inLanguage":"es","potentialAction":[{"@type":"ReadAction","target":["https:\/\/certification.pegasussolar.com\/es\/"]}]},{"@type":"ImageObject","inLanguage":"es","@id":"https:\/\/certification.pegasussolar.com\/es\/#primaryimage","url":"https:\/\/certification.pegasussolar.com\/wp-content\/uploads\/2025\/12\/image-5-1.png","contentUrl":"https:\/\/certification.pegasussolar.com\/wp-content\/uploads\/2025\/12\/image-5-1.png","width":1920,"height":790},{"@type":"BreadcrumbList","@id":"https:\/\/certification.pegasussolar.com\/es\/#breadcrumb","itemListElement":[{"@type":"ListItem","position":1,"name":"Inicio","item":"https:\/\/certification.pegasussolar.com\/es\/"},{"@type":"ListItem","position":2,"name":"Certificaci\u00f3n de Instalador de Pegasus."}]},{"@type":"WebSite","@id":"https:\/\/certification.pegasussolar.com\/es\/#website","url":"https:\/\/certification.pegasussolar.com\/es\/","name":"Tienda Pegasus","description":"","potentialAction":[{"@type":"SearchAction","target":{"@type":"EntryPoint","urlTemplate":"https:\/\/certification.pegasussolar.com\/es\/?s={search_term_string}"},"query-input":{"@type":"PropertyValueSpecification","valueRequired":true,"valueName":"search_term_string"}}],"inLanguage":"es"}]}},"_links":{"self":[{"href":"https:\/\/certification.pegasussolar.com\/es\/wp-json\/wp\/v2\/pages\/3094","targetHints":{"allow":["GET"]}}],"collection":[{"href":"https:\/\/certification.pegasussolar.com\/es\/wp-json\/wp\/v2\/pages"}],"about":[{"href":"https:\/\/certification.pegasussolar.com\/es\/wp-json\/wp\/v2\/types\/page"}],"author":[{"embeddable":true,"href":"https:\/\/certification.pegasussolar.com\/es\/wp-json\/wp\/v2\/users\/56"}],"replies":[{"embeddable":true,"href":"https:\/\/certification.pegasussolar.com\/es\/wp-json\/wp\/v2\/comments?post=3094"}],"version-history":[{"count":0,"href":"https:\/\/certification.pegasussolar.com\/es\/wp-json\/wp\/v2\/pages\/3094\/revisions"}],"wp:featuredmedia":[{"embeddable":true,"href":"https:\/\/certification.pegasussolar.com\/es\/wp-json\/wp\/v2\/media\/3096"}],"wp:attachment":[{"href":"https:\/\/certification.pegasussolar.com\/es\/wp-json\/wp\/v2\/media?parent=3094"}],"curies":[{"name":"wp","href":"https:\/\/api.w.org\/{rel}","templated":true}]}}