{"id":3089,"date":"2023-04-18T16:28:20","date_gmt":"2023-04-18T23:28:20","guid":{"rendered":"https:\/\/certification.pegasussolar.com\/curso-completado\/"},"modified":"2026-03-24T04:07:28","modified_gmt":"2026-03-24T11:07:28","slug":"curso-completado","status":"publish","type":"page","link":"https:\/\/certification.pegasussolar.com\/es\/curso-completado\/","title":{"rendered":"Curso completado"},"content":{"rendered":"\n<p class=\"has-text-align-center\"><strong><em>\u00a1Enhorabuena! Eres un Instalador Certificado Pegasus <\/em><\/strong><br><em>Gracias por completar la formaci\u00f3n de Instalador Certificado. Se adjunta a este correo electr\u00f3nico un certificado de finalizaci\u00f3n (PDF). <\/em><br><em>Para recibir cr\u00e9ditos de formaci\u00f3n continua del NABCEP, sube tu certificado a tu cuenta del NABCEP.<\/em><br><em>Como Instalador Certificado, te proporcionamos un <\/em><strong><em>cr\u00e9dito de 20 <\/em><\/strong><em>en la Tienda Pegasus para gorras, camisetas y otros art\u00edculos.<\/em><br><em>Utiliza el c\u00f3digo <\/em><strong><em>CIP20<\/em><\/strong><em>  al pagar. (L\u00edmite: un uso por instalador.)<\/em><br><em>Visita nuestra Tienda Pegasus:<\/em><br><strong><em>\u00a1Bienvenido al equipo de Instaladores Certificados Pegasus!<\/em><\/strong><br><a href=\"http:\/\/swag.pegasussolar.com\"><em>swag.pegasussolar<\/em>.com<\/a><\/p>\n\n\n\n<div class=\"wp-block-columns is-layout-flex wp-container-core-columns-is-layout-9d6595d7 wp-block-columns-is-layout-flex\">\n<div class=\"wp-block-column is-layout-flow wp-block-column-is-layout-flow\" style=\"flex-basis:30%\"><\/div>\n\n\n\n<div class=\"wp-block-column is-layout-flow wp-block-column-is-layout-flow\" style=\"flex-basis:40%\">\n<figure class=\"wp-block-embed is-type-video is-provider-vimeo wp-block-embed-vimeo\"><div class=\"wp-block-embed__wrapper\">\n<iframe loading=\"lazy\" title=\"Certification Conclusion\" src=\"https:\/\/player.vimeo.com\/video\/837744913?dnt=1&amp;app_id=122963\" width=\"500\" height=\"264\" frameborder=\"0\" allow=\"autoplay; fullscreen; picture-in-picture; clipboard-write; encrypted-media; web-share\" referrerpolicy=\"strict-origin-when-cross-origin\"><\/iframe>\n<\/div><\/figure>\n<\/div>\n\n\n\n<div class=\"wp-block-column is-layout-flow wp-block-column-is-layout-flow\" style=\"flex-basis:30%\"><\/div>\n<\/div>\n\n\n\n<div class=\"wp-block-buttons is-horizontal is-content-justification-center is-layout-flex wp-container-core-buttons-is-layout-499968f5 wp-block-buttons-is-layout-flex\" id=\"course-completed-actions\">\n<div class=\"wp-block-button view-certificate\"><a class=\"wp-block-button__link wp-element-button\">Ver certificado<\/a><\/div>\n<\/div>\n\n\n\n<div style=\"height:41px\" aria-hidden=\"true\" class=\"wp-block-spacer\"><\/div>\n\n\n\n<p class=\"has-text-align-center\"><\/p>\n\n\n","protected":false},"excerpt":{"rendered":"<p>\u00a1Enhorabuena! Eres un Instalador Certificado Pegasus Gracias por completar la formaci\u00f3n de Instalador Certificado. Se adjunta a este correo electr\u00f3nico un certificado de finalizaci\u00f3n (PDF). Para recibir cr\u00e9ditos de formaci\u00f3n continua del NABCEP, sube tu certificado a tu cuenta del NABCEP.Como Instalador Certificado, te proporcionamos un cr\u00e9dito de 20 en la Tienda Pegasus para gorras, [&hellip;]<\/p>\n","protected":false},"author":56,"featured_media":0,"parent":0,"menu_order":0,"comment_status":"closed","ping_status":"closed","template":"","meta":{"_acf_changed":false,"footnotes":""},"class_list":["post-3089","page","type-page","status-publish","hentry"],"acf":[],"yoast_head":"<!-- This site is optimized with the Yoast SEO plugin v26.7 - https:\/\/yoast.com\/wordpress\/plugins\/seo\/ -->\n<title>Curso completado Tienda Pegasus<\/title>\n<meta name=\"robots\" content=\"noindex, follow, max-snippet:-1, max-image-preview:large, max-video-preview:-1\" \/>\n<meta property=\"og:locale\" content=\"es_ES\" \/>\n<meta property=\"og:type\" content=\"article\" \/>\n<meta property=\"og:title\" content=\"Curso completado Tienda Pegasus\" \/>\n<meta property=\"og:description\" content=\"\u00a1Enhorabuena! Eres un Instalador Certificado Pegasus Gracias por completar la formaci\u00f3n de Instalador Certificado. Se adjunta a este correo electr\u00f3nico un certificado de finalizaci\u00f3n (PDF). Para recibir cr\u00e9ditos de formaci\u00f3n continua del NABCEP, sube tu certificado a tu cuenta del NABCEP.Como Instalador Certificado, te proporcionamos un cr\u00e9dito de 20 en la Tienda Pegasus para gorras, [&hellip;]\" \/>\n<meta property=\"og:url\" content=\"https:\/\/certification.pegasussolar.com\/es\/curso-completado\/\" \/>\n<meta property=\"og:site_name\" content=\"Tienda Pegasus\" \/>\n<meta property=\"article:modified_time\" content=\"2026-03-24T11:07:28+00:00\" \/>\n<meta name=\"twitter:card\" content=\"summary_large_image\" \/>\n<meta name=\"twitter:label1\" content=\"Est. reading time\" \/>\n\t<meta name=\"twitter:data1\" content=\"1 minuto\" \/>\n<script type=\"application\/ld+json\" class=\"yoast-schema-graph\">{\"@context\":\"https:\/\/schema.org\",\"@graph\":[{\"@type\":\"WebPage\",\"@id\":\"https:\/\/certification.pegasussolar.com\/es\/curso-completado\/\",\"url\":\"https:\/\/certification.pegasussolar.com\/es\/curso-completado\/\",\"name\":\"Curso completado Tienda Pegasus\",\"isPartOf\":{\"@id\":\"https:\/\/certification.pegasussolar.com\/es\/#website\"},\"datePublished\":\"2023-04-18T23:28:20+00:00\",\"dateModified\":\"2026-03-24T11:07:28+00:00\",\"breadcrumb\":{\"@id\":\"https:\/\/certification.pegasussolar.com\/es\/curso-completado\/#breadcrumb\"},\"inLanguage\":\"es\",\"potentialAction\":[{\"@type\":\"ReadAction\",\"target\":[\"https:\/\/certification.pegasussolar.com\/es\/curso-completado\/\"]}]},{\"@type\":\"BreadcrumbList\",\"@id\":\"https:\/\/certification.pegasussolar.com\/es\/curso-completado\/#breadcrumb\",\"itemListElement\":[{\"@type\":\"ListItem\",\"position\":1,\"name\":\"Inicio\",\"item\":\"https:\/\/certification.pegasussolar.com\/es\/\"},{\"@type\":\"ListItem\",\"position\":2,\"name\":\"Curso completado\"}]},{\"@type\":\"WebSite\",\"@id\":\"https:\/\/certification.pegasussolar.com\/es\/#website\",\"url\":\"https:\/\/certification.pegasussolar.com\/es\/\",\"name\":\"Tienda Pegasus\",\"description\":\"\",\"potentialAction\":[{\"@type\":\"SearchAction\",\"target\":{\"@type\":\"EntryPoint\",\"urlTemplate\":\"https:\/\/certification.pegasussolar.com\/es\/?s={search_term_string}\"},\"query-input\":{\"@type\":\"PropertyValueSpecification\",\"valueRequired\":true,\"valueName\":\"search_term_string\"}}],\"inLanguage\":\"es\"}]}<\/script>\n<!-- \/ Yoast SEO plugin. -->","yoast_head_json":{"title":"Curso completado Tienda Pegasus","robots":{"index":"noindex","follow":"follow","max-snippet":"max-snippet:-1","max-image-preview":"max-image-preview:large","max-video-preview":"max-video-preview:-1"},"og_locale":"es_ES","og_type":"article","og_title":"Curso completado Tienda Pegasus","og_description":"\u00a1Enhorabuena! Eres un Instalador Certificado Pegasus Gracias por completar la formaci\u00f3n de Instalador Certificado. Se adjunta a este correo electr\u00f3nico un certificado de finalizaci\u00f3n (PDF). Para recibir cr\u00e9ditos de formaci\u00f3n continua del NABCEP, sube tu certificado a tu cuenta del NABCEP.Como Instalador Certificado, te proporcionamos un cr\u00e9dito de 20 en la Tienda Pegasus para gorras, [&hellip;]","og_url":"https:\/\/certification.pegasussolar.com\/es\/curso-completado\/","og_site_name":"Tienda Pegasus","article_modified_time":"2026-03-24T11:07:28+00:00","twitter_card":"summary_large_image","twitter_misc":{"Est. reading time":"1 minuto"},"schema":{"@context":"https:\/\/schema.org","@graph":[{"@type":"WebPage","@id":"https:\/\/certification.pegasussolar.com\/es\/curso-completado\/","url":"https:\/\/certification.pegasussolar.com\/es\/curso-completado\/","name":"Curso completado Tienda Pegasus","isPartOf":{"@id":"https:\/\/certification.pegasussolar.com\/es\/#website"},"datePublished":"2023-04-18T23:28:20+00:00","dateModified":"2026-03-24T11:07:28+00:00","breadcrumb":{"@id":"https:\/\/certification.pegasussolar.com\/es\/curso-completado\/#breadcrumb"},"inLanguage":"es","potentialAction":[{"@type":"ReadAction","target":["https:\/\/certification.pegasussolar.com\/es\/curso-completado\/"]}]},{"@type":"BreadcrumbList","@id":"https:\/\/certification.pegasussolar.com\/es\/curso-completado\/#breadcrumb","itemListElement":[{"@type":"ListItem","position":1,"name":"Inicio","item":"https:\/\/certification.pegasussolar.com\/es\/"},{"@type":"ListItem","position":2,"name":"Curso completado"}]},{"@type":"WebSite","@id":"https:\/\/certification.pegasussolar.com\/es\/#website","url":"https:\/\/certification.pegasussolar.com\/es\/","name":"Tienda Pegasus","description":"","potentialAction":[{"@type":"SearchAction","target":{"@type":"EntryPoint","urlTemplate":"https:\/\/certification.pegasussolar.com\/es\/?s={search_term_string}"},"query-input":{"@type":"PropertyValueSpecification","valueRequired":true,"valueName":"search_term_string"}}],"inLanguage":"es"}]}},"_links":{"self":[{"href":"https:\/\/certification.pegasussolar.com\/es\/wp-json\/wp\/v2\/pages\/3089","targetHints":{"allow":["GET"]}}],"collection":[{"href":"https:\/\/certification.pegasussolar.com\/es\/wp-json\/wp\/v2\/pages"}],"about":[{"href":"https:\/\/certification.pegasussolar.com\/es\/wp-json\/wp\/v2\/types\/page"}],"author":[{"embeddable":true,"href":"https:\/\/certification.pegasussolar.com\/es\/wp-json\/wp\/v2\/users\/56"}],"replies":[{"embeddable":true,"href":"https:\/\/certification.pegasussolar.com\/es\/wp-json\/wp\/v2\/comments?post=3089"}],"version-history":[{"count":0,"href":"https:\/\/certification.pegasussolar.com\/es\/wp-json\/wp\/v2\/pages\/3089\/revisions"}],"wp:attachment":[{"href":"https:\/\/certification.pegasussolar.com\/es\/wp-json\/wp\/v2\/media?parent=3089"}],"curies":[{"name":"wp","href":"https:\/\/api.w.org\/{rel}","templated":true}]}}